{"id":1347,"date":"2016-12-04T19:32:34","date_gmt":"2016-12-04T18:32:34","guid":{"rendered":"http:\/\/argentino.si\/slovenija\/?page_id=1347"},"modified":"2023-03-27T12:42:12","modified_gmt":"2023-03-27T12:42:12","slug":"galerija-lounge","status":"publish","type":"page","link":"https:\/\/argentino.si\/slovenija\/galerija-lounge\/","title":{"rendered":"Galerija Lounge"},"content":{"rendered":"<p>[vc_row css=&#8221;.vc_custom_1480875848963{background-color: #000000 !important;}&#8221;][vc_column][vc_single_image image=&#8221;1279&#8243; img_size=&#8221;200&#215;37&#8243; alignment=&#8221;center&#8221;][vc_column_text el_class=&#8221;tekst-galerije&#8221;]<\/p>\n<p style=\"text-align: center;\">Argentino Lounge je nastal iz \u017eelje po raz\u0161iritvi ponudbe na kar naj\u0161ir\u0161o paleto dobrot iz Argentine.<br \/>\nKulinari\u010dno do\u017eivetje Argentino Lounge je na voljo cenjenim gostom po izrazito konkuren\u010dnih cenah glede na vrhunsko kakovost.<\/p>\n<p>[\/vc_column_text][vc_masonry_media_grid element_width=&#8221;6&#8243; initial_loading_animation=&#8221;fadeIn&#8221; grid_id=&#8221;vc_gid:1570805801479-07b0e1eb-ba1b-5&#8243; include=&#8221;1350,1351&#8243;][\/vc_column][\/vc_row]<\/p>\n","protected":false},"excerpt":{"rendered":"<p>[vc_row css=&#8221;.vc_custom_1480875848963{background-color: #000000 !important;}&#8221;][vc_column][vc_single_image image=&#8221;1279&#8243; img_size=&#8221;200&#215;37&#8243; alignment=&#8221;center&#8221;][vc_column_text el_class=&#8221;tekst-galerije&#8221;] Argentino Lounge je nastal iz \u017eelje po raz\u0161iritvi ponudbe na kar naj\u0161ir\u0161o paleto dobrot iz Argentine. Kulinari\u010dno do\u017eivetje Argentino Lounge je na voljo cenjenim gostom po izrazito konkuren\u010dnih cenah glede na vrhunsko kakovost. [\/vc_column_text][vc_masonry_media_grid element_width=&#8221;6&#8243; initial_loading_animation=&#8221;fadeIn&#8221; grid_id=&#8221;vc_gid:1570805801479-07b0e1eb-ba1b-5&#8243; include=&#8221;1350,1351&#8243;][\/vc_column][\/vc_row]<\/p>\n","protected":false},"author":1,"featured_media":0,"parent":0,"menu_order":0,"comment_status":"closed","ping_status":"closed","template":"","meta":[],"acf":[],"_links":{"self":[{"href":"https:\/\/argentino.si\/slovenija\/wp-json\/wp\/v2\/pages\/1347"}],"collection":[{"href":"https:\/\/argentino.si\/slovenija\/wp-json\/wp\/v2\/pages"}],"about":[{"href":"https:\/\/argentino.si\/slovenija\/wp-json\/wp\/v2\/types\/page"}],"author":[{"embeddable":true,"href":"https:\/\/argentino.si\/slovenija\/wp-json\/wp\/v2\/users\/1"}],"replies":[{"embeddable":true,"href":"https:\/\/argentino.si\/slovenija\/wp-json\/wp\/v2\/comments?post=1347"}],"version-history":[{"count":11,"href":"https:\/\/argentino.si\/slovenija\/wp-json\/wp\/v2\/pages\/1347\/revisions"}],"predecessor-version":[{"id":4424,"href":"https:\/\/argentino.si\/slovenija\/wp-json\/wp\/v2\/pages\/1347\/revisions\/4424"}],"wp:attachment":[{"href":"https:\/\/argentino.si\/slovenija\/wp-json\/wp\/v2\/media?parent=1347"}],"curies":[{"name":"wp","href":"https:\/\/api.w.org\/{rel}","templated":true}]}}